{"id":209,"date":"2012-07-02T20:14:02","date_gmt":"2012-07-02T18:14:02","guid":{"rendered":"http:\/\/www.aqualowe.ch\/blog\/?page_id=209"},"modified":"2025-05-02T20:18:40","modified_gmt":"2025-05-02T18:18:40","slug":"illustration","status":"publish","type":"page","link":"https:\/\/blog.aqualowe.ch\/index.php\/illustration\/","title":{"rendered":"Illustration"},"content":{"rendered":"\n<p><em>&nbsp;<strong>Le livre pour enfants<\/strong><\/em><\/p>\n\n\n<div class=\"wp-block-image is-style-default\">\n<figure class=\"aligncenter size-full is-resized\"><img loading=\"lazy\" decoding=\"async\" width=\"500\" height=\"386\" src=\"https:\/\/blog.aqualowe.ch\/wp-content\/uploads\/2025\/05\/accueilsite.jpg\" alt=\"Carpe Diem le livre\" class=\"wp-image-1702\" style=\"width:400px\" title=\"Carpe Diem pr\u00e9sentation\" srcset=\"https:\/\/blog.aqualowe.ch\/wp-content\/uploads\/2025\/05\/accueilsite.jpg 500w, https:\/\/blog.aqualowe.ch\/wp-content\/uploads\/2025\/05\/accueilsite-300x232.jpg 300w, https:\/\/blog.aqualowe.ch\/wp-content\/uploads\/2025\/05\/accueilsite-389x300.jpg 389w\" sizes=\"auto, (max-width: 500px) 100vw, 500px\" \/><figcaption class=\"wp-element-caption\"><a href=\"https:\/\/www.aqualowe.ch\/categorie-produit\/produits\/livres\">Disponible en boutique<\/a><\/figcaption><\/figure>\n<\/div>\n\n\n<p><em><strong>Carpe Diem<\/strong><\/em><\/p>\n\n\n\n<p><em>Un conte au fil de l&rsquo;eau, d&rsquo;une carpe pas bien jolie, dans une rivi\u00e8re en crise o\u00f9 pollution et chaleur envahissent l&rsquo;eau claire.&nbsp;<\/em><em><strong>L\u00e9ger, sympathique<\/strong>, le texte donne la part belle \u00e0 <strong>l&rsquo;amiti\u00e9, l&rsquo;espoir et la vie<\/strong>.<\/em><\/p>\n\n\n\n<p>&nbsp;<\/p>\n\n\n\n<p><em>Le <strong>texte prim\u00e9 au concours des SIG<\/strong> est de Catherine Jeanrenaud. J&rsquo;ai eu pour ma part l&rsquo;immense plaisir d&rsquo;y apporter quelques couleurs de mes illustrations.<\/em><\/p>\n\n\n<div class=\"wp-block-image\">\n<figure class=\"aligncenter size-full is-resized\"><img loading=\"lazy\" decoding=\"async\" width=\"900\" height=\"714\" src=\"https:\/\/blog.aqualowe.ch\/wp-content\/uploads\/2025\/05\/Mars3.jpg\" alt=\"Mars l'aquarelle d'une carpe\" class=\"wp-image-1704\" style=\"width:400px\" title=\"Carpe Diem portrait\" srcset=\"https:\/\/blog.aqualowe.ch\/wp-content\/uploads\/2025\/05\/Mars3.jpg 900w, https:\/\/blog.aqualowe.ch\/wp-content\/uploads\/2025\/05\/Mars3-300x238.jpg 300w, https:\/\/blog.aqualowe.ch\/wp-content\/uploads\/2025\/05\/Mars3-768x609.jpg 768w, https:\/\/blog.aqualowe.ch\/wp-content\/uploads\/2025\/05\/Mars3-378x300.jpg 378w\" sizes=\"auto, (max-width: 900px) 100vw, 900px\" \/><\/figure>\n<\/div>\n\n\n<p><strong><em>&nbsp;<\/em><\/strong><em><strong>En voici un petit extrait<\/strong> :<\/em><\/p>\n\n\n\n<p><em>\u00ab\u00a0Je suis n\u00e9 gros et laid. Et je le suis rest\u00e9. Il faut dire que j\u2019ai gob\u00e9 toutes les tares de la famille : nez aplati, l\u00e8vres \u00e9paisses, corps ventru, membres courts et ratatin\u00e9s. Le pire, c\u2019est les yeux. Deux \u00e9normes billes opaques qui jaillissent de ma t\u00eate comme si elles voulaient fuir.<\/em><\/p>\n\n\n\n<p><em>Mon fr\u00e8re, Mars, est tout le contraire. N\u00e9 quelques minutes avant moi, il est fin, gracieux, leste. Comment en vouloir \u00e0 ma m\u00e8re, et aux autres, de l&rsquo;avoir pr\u00e9f\u00e9r\u00e9 ?\u00a0\u00bb<\/em><\/p>\n\n\n\n<figure class=\"wp-block-image size-large\"><img loading=\"lazy\" decoding=\"async\" width=\"1024\" height=\"433\" src=\"https:\/\/blog.aqualowe.ch\/wp-content\/uploads\/2025\/05\/pied-de-page-aquatique-1024x433.jpg\" alt=\"aquatique, bord d'eau \u00e0 l'aquarelle\" class=\"wp-image-1706\" srcset=\"https:\/\/blog.aqualowe.ch\/wp-content\/uploads\/2025\/05\/pied-de-page-aquatique-1024x433.jpg 1024w, https:\/\/blog.aqualowe.ch\/wp-content\/uploads\/2025\/05\/pied-de-page-aquatique-300x127.jpg 300w, https:\/\/blog.aqualowe.ch\/wp-content\/uploads\/2025\/05\/pied-de-page-aquatique-768x325.jpg 768w, https:\/\/blog.aqualowe.ch\/wp-content\/uploads\/2025\/05\/pied-de-page-aquatique-1536x650.jpg 1536w, https:\/\/blog.aqualowe.ch\/wp-content\/uploads\/2025\/05\/pied-de-page-aquatique-2048x867.jpg 2048w, https:\/\/blog.aqualowe.ch\/wp-content\/uploads\/2025\/05\/pied-de-page-aquatique-500x212.jpg 500w\" sizes=\"auto, (max-width: 1024px) 100vw, 1024px\" \/><\/figure>\n\n\n<div class=\"wp-block-image\">\n<figure class=\"aligncenter size-large\"><img loading=\"lazy\" decoding=\"async\" width=\"978\" height=\"1024\" src=\"https:\/\/blog.aqualowe.ch\/wp-content\/uploads\/2025\/05\/La-Fondation-Engelberts-presente-Carpe-Diem-978x1024.jpg\" alt=\"affiche parution Carpe Diem, le livre\" class=\"wp-image-1705\" title=\"Carpe Diem premiere de couverture\" srcset=\"https:\/\/blog.aqualowe.ch\/wp-content\/uploads\/2025\/05\/La-Fondation-Engelberts-presente-Carpe-Diem-978x1024.jpg 978w, https:\/\/blog.aqualowe.ch\/wp-content\/uploads\/2025\/05\/La-Fondation-Engelberts-presente-Carpe-Diem-287x300.jpg 287w, https:\/\/blog.aqualowe.ch\/wp-content\/uploads\/2025\/05\/La-Fondation-Engelberts-presente-Carpe-Diem-768x804.jpg 768w, https:\/\/blog.aqualowe.ch\/wp-content\/uploads\/2025\/05\/La-Fondation-Engelberts-presente-Carpe-Diem-1467x1536.jpg 1467w, https:\/\/blog.aqualowe.ch\/wp-content\/uploads\/2025\/05\/La-Fondation-Engelberts-presente-Carpe-Diem.jpg 1671w\" sizes=\"auto, (max-width: 978px) 100vw, 978px\" \/><\/figure>\n<\/div>\n\n\n<p><\/p>\n\n\n\n<p><strong><em>L&rsquo;historique de l&rsquo;\u00e9criture<\/em> <em>\u00e0 l&rsquo;\u00e9dition :<\/em><\/strong><\/p>\n\n\n\n<p>18 mars 2015<\/p>\n\n\n\n<p><br>C&rsquo;est le grand jour ! La palette de livres est arriv\u00e9e, Carpe Diem existe !!!<br>C&rsquo;est avec une grande \u00e9motion, ou se m\u00ealent fiert\u00e9, joie, et reconnaissance, que nous d\u00e9couvrons le bel objet. Diff\u00e9rents \u00e9v\u00e9nements seront organis\u00e9s autour du livre.<br>Mais pour commencer, nous prenons quelques jours pour savourer ce fabuleux moment.<\/p>\n\n\n\n<p><br>4 f\u00e9vrier 2015<br>Notre petite carpe est partie ce jour pour l&rsquo;impression&#8230; Le r\u00eave, doucement, devient r\u00e9alit\u00e9 !<\/p>\n\n\n\n<p>d\u00e9cembre 2014<br>Nous en sommes aujourd&rsquo;hui \u00e0 la derni\u00e8re \u00e9tape avant l&rsquo;impression, \u00e0 savoir le travail du graphiste. L\u00e0 encore nous allons prendre le temps qu&rsquo;il faudra, pour que la maquette soit \u00e0 la hauteur de nos attentes.<br>La mise sous presse est pr\u00e9vue en d\u00e9but d&rsquo;ann\u00e9e 2015.<\/p>\n\n\n\n<p><br>octobre 2014<br>La patience, un art d\u00e9cid\u00e9ment bien difficile. L&rsquo;\u00e9ch\u00e9ance approche, deux institutions notoires on rejet\u00e9 notre projet, reste une derni\u00e8re r\u00e9ponse attendue avec&#8230; impatience. D&rsquo;ici la fin du mois nous saurons enfin si notre livre sera \u00e9dit\u00e9 \u00e0 petite ou \u00e0 grande \u00e9chelle.<\/p>\n\n\n\n<p><br>ao\u00fbt 2014<br>Nous profitons de la pause \u00e9stivale pour retravailler la mise en page. Nous la voulons plus dynamique, plus attrayante, en attendant le r\u00e9sultat de nos d\u00e9marche aupr\u00e8s de diff\u00e9rents organismes, qu&rsquo;ils soient du domaine de la culture ou de l&rsquo;\u00e9cologie&#8230; Il est m\u00eame question de changer le titre de Carpe Diem, mais nous n&rsquo;en ferons rien finalement.<\/p>\n\n\n\n<p><br>4 juillet 2014<br>L&rsquo;aventure wemakeit.ch se termine sur un joli 26%, h\u00e9las insufisant.<br>Mais heureusement, de nouveaux sponsors soutiennent notre projet et l&rsquo;\u00e9dition de Carpe Diem est tout pr\u00e8s de se r\u00e9aliser.<\/p>\n\n\n\n<p><br>mai 2014<br>Nous nous adressons \u00e0 wemakeit, plateforme suisse de crowdfunding&#8230;!<\/p>\n\n\n\n<p><br>26 mars 2014<br>Un appel \u00e0 sponsor est lanc\u00e9 \u00e0 tous les groupes, toutes les associations, toutes les soci\u00e9t\u00e9s ainsi que les institutions de Suisse Romande, \u00e0 notre avis suceptibles d&rsquo;\u00eatre int\u00e9ress\u00e9s par notre projet. Tr\u00e8s peu de r\u00e9ponses&#8230;<\/p>\n\n\n\n<p><br>12 f\u00e9vrier 2014<br>Nous d\u00e9couvrons les 1ers devis d&rsquo;impression. La recherche d&rsquo;autres sponsors va certainement s&rsquo;av\u00e8rer indispensable&#8230;<\/p>\n\n\n\n<p><br>6 d\u00e9cembre 2013<br>Une premi\u00e8re rencontre a Mies avec la Fondation Engelberts pour les arts et la culture, nous permet de croire d\u00e9sormais a la r\u00e9alisation de l&rsquo;\u00e9dition du livre courant 2014 !!<\/p>\n\n\n\n<p><br>12 juin 2013<br>R\u00e9my Vullioud a rejoint l&rsquo;\u00e9quipe en tant que coordinateur, et adresse une demande de sponsor au SIG, vainement.<\/p>\n\n\n\n<p><br>de 2010 \u00e0 2013<br>De nombreux mailings sont adress\u00e9s aux maisons d&rsquo;\u00e9dtions&#8230; sans succ\u00e8s.<\/p>\n\n\n\n<p><br>6 janvier 2010<br>L&rsquo;\u00e9dition Encre Fra\u00eeche qui s&rsquo;\u00e9tait int\u00e9ress\u00e9 \u00e0 notre projet nous annonce qu&rsquo;elle renonce \u00e0 nous soutenir. Nous sommes \u00e9videmment tr\u00e8s d\u00e9\u00e7ues.<\/p>\n\n\n\n<p><br>3 septembre 2009<br>Une maquette plus s\u00e9rieuse est construite aupr\u00e8s de l&rsquo;imprimerie du Mol\u00e9son. Nous en ressortons avec 4 pr\u00e9cieux exemplaires<\/p>\n\n\n\n<p><br>22 avril 2009<br>Le grand salon du Livre \u00e0 Gen\u00e8ve.<br>Notre maquette sous le bras, nous nous y rendons dans l&rsquo;espoir de rencontrer notre \u00e9diteur. L&rsquo;entreprise prometteuse s&rsquo;av\u00e8re, finalement, fastidieuse et notre bel espoir perdu nous plonge dans un d\u00e9sarroi certain.<\/p>\n\n\n\n<p><br>4 avril 2009<br>Cela prend forme, et l&rsquo;avant- derni\u00e8re aquarelle est peinte. Il nous reste \u00e0 monter une maquette de l&rsquo;oeuvre afin d&rsquo;en faire la promotion&#8230;<\/p>\n\n\n\n<p><br>27 novembre 2007<br>L&rsquo;illustration a commenc\u00e9 et nos rencontres sont joyeusement entousiastes devant ce qui nous semble \u00eatre un bien joli projet !<\/p>\n\n\n\n<p><\/p>\n","protected":false},"excerpt":{"rendered":"<p>&nbsp;Le livre pour enfants Carpe Diem Un conte au fil de l&rsquo;eau, d&rsquo;une carpe pas bien jolie, dans une rivi\u00e8re en crise o\u00f9 pollution et chaleur envahissent l&rsquo;eau claire.&nbsp;L\u00e9ger, sympathique, le texte donne la part belle \u00e0 l&rsquo;amiti\u00e9, l&rsquo;espoir et &hellip; <a href=\"https:\/\/blog.aqualowe.ch\/index.php\/illustration\/\">Continuer la lecture <span class=\"meta-nav\">&rarr;<\/span><\/a><\/p>\n","protected":false},"author":1,"featured_media":0,"parent":0,"menu_order":0,"comment_status":"closed","ping_status":"closed","template":"","meta":{"footnotes":""},"class_list":["post-209","page","type-page","status-publish","hentry"],"_links":{"self":[{"href":"https:\/\/blog.aqualowe.ch\/index.php\/wp-json\/wp\/v2\/pages\/209","targetHints":{"allow":["GET"]}}],"collection":[{"href":"https:\/\/blog.aqualowe.ch\/index.php\/wp-json\/wp\/v2\/pages"}],"about":[{"href":"https:\/\/blog.aqualowe.ch\/index.php\/wp-json\/wp\/v2\/types\/page"}],"author":[{"embeddable":true,"href":"https:\/\/blog.aqualowe.ch\/index.php\/wp-json\/wp\/v2\/users\/1"}],"replies":[{"embeddable":true,"href":"https:\/\/blog.aqualowe.ch\/index.php\/wp-json\/wp\/v2\/comments?post=209"}],"version-history":[{"count":16,"href":"https:\/\/blog.aqualowe.ch\/index.php\/wp-json\/wp\/v2\/pages\/209\/revisions"}],"predecessor-version":[{"id":1709,"href":"https:\/\/blog.aqualowe.ch\/index.php\/wp-json\/wp\/v2\/pages\/209\/revisions\/1709"}],"wp:attachment":[{"href":"https:\/\/blog.aqualowe.ch\/index.php\/wp-json\/wp\/v2\/media?parent=209"}],"curies":[{"name":"wp","href":"https:\/\/api.w.org\/{rel}","templated":true}]}}